{"id":842,"date":"2017-04-24T07:44:29","date_gmt":"2017-04-24T07:44:29","guid":{"rendered":"http:\/\/www.holdingferrara.it\/?page_id=842"},"modified":"2023-09-21T13:59:02","modified_gmt":"2023-09-21T13:59:02","slug":"privacy","status":"publish","type":"page","link":"https:\/\/www.holdingferrara.it\/?page_id=842","title":{"rendered":"Privacy"},"content":{"rendered":"<section class=\"wpb-content-wrapper\"><p>[vc_row][vc_column][vc_column_text]<\/p>\n<div class=\"titolo\">\n<h3 style=\"color: #000000;\">Privacy &amp; Cookie Policy<\/h3>\n<div class=\"sottotitolo\"><\/div>\n<\/div>\n<div id=\"testo\">\n<h4 style=\"color: #000000;\">Privacy Policy<\/h4>\n<p>Questo sito raccoglie alcuni Dati Personali dei propri Utenti.<\/p>\n<h5>Titolare del Trattamento dei Dati<\/h5>\n<p>Holding Ferrara Servizi SPA Unipersonale &#8211; Via Borso n.1 &#8211; Ferrara<\/p>\n<p>La Societ\u00e0 ha nominato un Responsabile della protezione dei dati (DPO) al quale \u00e8 possibile rivolgersi, per tutto ci\u00f2 che riguarda il trattamento dei dati personali e per esercitare i diritti riconosciuti dal Regolamento UE 2016\/679, scrivendo all&#8217;indirizzo: <a href=\"mailto:dpo@ferraratua.it\">dpo@ferraratua.it<\/a><\/p>\n<h5>Tipologie di dati raccolti<\/h5>\n<p>Fra i Dati Personali raccolti da questo sito, in modo autonomo o tramite terze parti, ci sono: nome, cognome, email, citt\u00e0, provincia, stato, regione, fascia di et\u00e0, sesso, lingua, lavoro, com&#8217;\u00e8 venuto a conoscenza delle attivit\u00e0 di Holding Ferrara Servizi SPA Unipersonale, a cosa \u00e8 interessato, Cookie. Dettagli completi su ciascuna tipologia di dati raccolti sono forniti nelle sezioni dedicate di questa privacy policy o mediante specifici testi informativi visualizzati prima della raccolta dei dati stessi. Se non diversamente specificato, tutti i Dati richiesti da questo sito sono obbligatori. Se l&#8217;Utente rifiuta di comunicarli, potrebbe essere impossibile per questo sito fornire il Servizio. Gli Utenti che dovessero avere dubbi su quali Dati siano obbligatori, possono contattare il Titolare o il RPD. L&#8217;eventuale utilizzo di Cookie &#8211; o di altri strumenti di tracciamento &#8211; da parte di questo sito o dei titolari dei servizi terzi utilizzati da questo sito, ove non diversamente precisato, hanno la finalit\u00e0 di fornire il Servizio richiesto dall&#8217;Utente, oltre alle ulteriori finalit\u00e0 descritte nel presente documento e nella Cookie Policy, se disponibile.<\/p>\n<h5>Modalit\u00e0 e luogo del trattamento dei dati raccolti<\/h5>\n<h5>Modalit\u00e0 di trattamento<\/h5>\n<p>Il Titolare adotta le opportune misure di sicurezza volte ad impedire l&#8217;accesso, la divulgazione, la modifica o la distruzione non autorizzate dei Dati Personali. Il trattamento viene effettuato mediante strumenti informatici e\/o telematici, con modalit\u00e0 organizzative e con logiche strettamente correlate alle finalit\u00e0 indicate. Oltre al Titolare, in alcuni casi, potrebbero avere accesso ai Dati altri soggetti coinvolti nell&#8217;organizzazione di Holding Ferrara Servizi SPA Unipersonale (personale amministrativo &#8211; commerciale, marketing, legali, amministratori di sistema) ovvero soggetti esterni (come fornitori di servizi tecnici terzi, corrieri postali, hosting provider, societ\u00e0 informatiche, agenzie di comunicazione) nominati anche, se necessario, Responsabili del Trattamento da parte del Titolare. L&#8217;elenco aggiornato dei Responsabili potr\u00e0 sempre essere richiesto al Titolare del Trattamento.<\/p>\n<h5>Base giuridica del trattamento<\/h5>\n<p>Il Titolare tratta Dati Personali relativi all&#8217;Utente in caso sussista una delle seguenti condizioni:<\/p>\n<ul>\n<li>L&#8217;Utente ha prestato il consenso per una o pi\u00f9 finalit\u00e0 specifiche;<\/li>\n<li>Il trattamento \u00e8 necessario all&#8217;esecuzione di un contratto con l&#8217;Utente e\/o all&#8217;esecuzione di misure precontrattuali;<\/li>\n<li>Il trattamento \u00e8 necessario per adempiere un obbligo legale al quale \u00e8 soggetto il Titolare;<\/li>\n<li>Il trattamento \u00e8 necessario per l&#8217;esecuzione di un compito di interesse pubblico o per l&#8217;esercizio di pubblici poteri di cui \u00e8 investito il Titolare;<\/li>\n<li>Il trattamento \u00e8 necessario per il perseguimento del legittimo interesse del Titolare o di terzi.<\/li>\n<\/ul>\n<p>E&#8217; comunque sempre possibile richiedere al Titolare di chiarire la concreta base giuridica di ciascun trattamento ed in particolare di specificare se il trattamento sia basato sulla legge, previsto da un contratto o necessario per concludere un contratto.<\/p>\n<h5>Luogo<\/h5>\n<p>I Dati sono trattati presso le sedi operative del Titolare ed in ogni altro luogo in cui le parti coinvolte nel trattamento siano localizzate. Per ulteriori informazioni, contatta il Titolare. I Dati Personali dell&#8217;Utente potrebbero essere trasferiti in un paese diverso da quello in cui l&#8217;Utente si trova. Per ottenere ulteriori informazioni sul luogo del trattamento l&#8217;Utente pu\u00f2 fare riferimento alla sezione relativa ai dettagli sul trattamento dei Dati Personali. L&#8217;Utente ha diritto a ottenere informazioni in merito alla base giuridica del trasferimento di Dati al di fuori dell&#8217;Unione Europea o ad un&#8217;organizzazione internazionale di diritto internazionale pubblico o costituita da due o pi\u00f9 paesi, nonch\u00e8 in merito alle misure di sicurezza adottate dal Titolare per proteggere i Dati. Qualora abbia luogo uno dei trasferimenti appena descritti, l&#8217;Utente pu\u00f2 fare riferimento alle rispettive sezioni di questo documento o chiedere informazioni al Titolare contattandolo agli estremi riportati in apertura.<\/p>\n<h5>Periodo di conservazione<\/h5>\n<p>I Dati sono trattati e conservati per il tempo richiesto dalle finalit\u00e0 per le quali sono stati raccolti. Pertanto:<\/p>\n<ul>\n<li>I Dati Personali raccolti per scopi collegati all&#8217;esecuzione di un contratto tra il Titolare e l&#8217;Utente saranno trattenuti sino a quando sia completata l&#8217;esecuzione di tale contratto.<\/li>\n<li>I Dati Personali raccolti per finalit\u00e0 riconducibili all&#8217;interesse legittimo del Titolare saranno trattenuti sino al soddisfacimento di tale interesse. L&#8217;Utente pu\u00f2 ottenere ulteriori informazioni in merito all&#8217;interesse legittimo perseguito dal Titolare nelle relative sezioni di questo documento o contattando il Titolare.<\/li>\n<\/ul>\n<p>Quando il trattamento \u00e8 basato sul consenso dell&#8217;Utente, il Titolare pu\u00f2 conservare i Dati Personali pi\u00f9 a lungo sino a quando detto consenso non venga revocato. Inoltre il Titolare potrebbe essere obbligato a conservare i Dati Personali per un periodo pi\u00f9 lungo in ottemperanza ad un obbligo di legge o per ordine di un&#8217;autorit\u00e0. Al termine del periodo di conservazioni i Dati Personali saranno cancellati. Pertanto, allo spirare di tale termine il diritto di accesso, cancellazione, rettificazione ed il diritto alla portabilit\u00e0 dei Dati non potranno pi\u00f9 essere esercitati.<\/p>\n<h5>Finalit\u00e0 del trattamento dei dati raccolti<\/h5>\n<p>I Dati dell&#8217;Utente sono raccolti per consentire al Titolare di fornire i propri Servizi, cos\u00ec come per le seguenti finalit\u00e0: comunicazioni con l&#8217;Utente, interazione con piattaforme esterne,invio delle newslettere attivit\u00e0 statistica. Per ottenere ulteriori informazioni dettagliate sulle finalit\u00e0 del trattamento e sui Dati Personali concretamente rilevanti per ciascuna finalit\u00e0, l&#8217;Utente pu\u00f2 fare riferimento alle relative sezioni di questo documento. Dettagli sul trattamento dei dati personali I Dati Personali sono raccolti per le seguenti finalit\u00e0 ed utilizzando i seguenti servizi:<\/p>\n<h5>Diritti dell&#8217;Utente<\/h5>\n<p>Gli Utenti possono esercitare determinati diritti con riferimento ai Dati trattati dal Titolare. In particolare, l&#8217;Utente ha il diritto di:<\/p>\n<ul>\n<li>Revocare il consenso in ogni momento. L&#8217;Utente pu\u00f2 revocare il consenso al trattamento dei propri Dati Personali precedentemente espresso.<\/li>\n<li>Opporsi al trattamento dei propri Dati. L&#8217;Utente pu\u00f2 opporsi al trattamento dei propri Dati quando esso avviene su una base giuridica diversa dal consenso. Ulteriori dettagli sul diritto di opposizione sono indicati nella sezione sottostante.<\/li>\n<li>Accedere ai propri Dati. L&#8217;Utente ha diritto ad ottenere informazioni sui Dati trattati dal Titolare, su determinati aspetti del trattamento ed a ricevere una copia dei Dati trattati.<\/li>\n<li>Verificare e chiedere la rettificazione. L&#8217;Utente pu\u00f2 verificare la correttezza dei propri Dati e richiederne l&#8217;aggiornamento o la correzione.<\/li>\n<li>Ottenere la limitazione del trattamento. Quando ricorrono determinate condizioni, l&#8217;Utente pu\u00f2 richiedere la limitazione del trattamento dei propri Dati. In tal caso il Titolare non tratter\u00e0 i Dati per alcun altro scopo se non la loro conservazione.<\/li>\n<li>Ottenere la cancellazione o rimozione dei propri Dati Personali. Quando ricorrono determinate condizioni, l&#8217;Utente pu\u00f2 richiedere la cancellazione dei propri Dati da parte del Titolare.<\/li>\n<li>Ricevere i propri Dati o farli trasferire ad altro titolare. L&#8217;Utente ha diritto di ricevere i propri Dati in formato strutturato, di uso comune e leggibile da dispositivo automatico e, ove tecnicamente fattibile, di ottenerne il trasferimento senza ostacoli ad un altro titolare. Questa disposizione \u00e8 applicabile quando i Dati sono trattati con strumenti automatizzati ed il trattamento \u00e8 basato sul consenso dell&#8217;Utente, su un contratto di cui l&#8217;Utente \u00e8 parte o su misure contrattuali ad esso connesse.<\/li>\n<li>Proporre reclamo. L&#8217;Utente pu\u00f2 proporre un reclamo all&#8217;autorit\u00e0 di controllo della protezione dei dati personali competente o agire in sede giudiziale.<\/li>\n<\/ul>\n<h5>Dettagli sul diritto di opposizione<\/h5>\n<p>Quando i Dati Personali sono trattati nell&#8217;interesse pubblico, nell&#8217;esercizio di pubblici poteri di cui \u00e8 investito il Titolare oppure per perseguire un interesse legittimo del Titolare, gli Utenti hanno diritto ad opporsi al trattamento per motivi connessi alla loro situazione particolare.<\/p>\n<h5>Come esercitare i diritti<\/h5>\n<p>Per esercitare i propri diritti gli Utenti possono indirizzare una richiesta agli estremi di contatto del RPD indicati in questo documento. Le richieste sono evase dall&#8217;RPD nel pi\u00f9 breve tempo possibile, in ogni caso entro un mese.<\/p>\n<h5>Ulteriori informazioni sul trattamento<\/h5>\n<h5>Difesa in giudizio<\/h5>\n<p>I Dati Personali dell&#8217;Utente possono essere utilizzati da parte del Titolare in giudizio o nelle fasi preparatorie alla sua eventuale instaurazione per la difesa da abusi nell&#8217;utilizzo di questo Sito o dei Servizi connessi da parte dell&#8217;Utente. L&#8217;Utente dichiara di essere consapevole che il Titolare potrebbe essere obbligato a rivelare i Dati per ordine delle autorit\u00e0 pubbliche.<\/p>\n<h5>Informative specifiche<\/h5>\n<p>Su richiesta dell&#8217;Utente, in aggiunta alle informazioni contenute in questa privacy policy, questo Sito potrebbe fornire all&#8217;Utente delle informative aggiuntive e contestuali riguardanti Servizi specifici, o la raccolta ed il trattamento di Dati Personali.<\/p>\n<h5>Log di sistema e manutenzione<\/h5>\n<p>Per necessit\u00e0 legate al funzionamento ed alla manutenzione, questo Sito e gli eventuali servizi terzi da esso utilizzati potrebbero raccogliere Log di sistema, ossia file che registrano le interazioni e che possono contenere anche Dati Personali, quali l&#8217;indirizzo IP Utente.<\/p>\n<h5>Informazioni non contenute in questa policy<\/h5>\n<p>Ulteriori informazioni in relazione al trattamento dei Dati Personali potranno essere richieste in qualsiasi momento all&#8217;RPD utilizzando gli estremi di contatto.<\/p>\n<h5>Modifiche a questa privacy policy<\/h5>\n<p>Il Titolare del Trattamento si riserva il diritto di apportare modifiche alla presente privacy policy in qualunque momento dandone informazione agli Utenti su questa pagina e, qualora tecnicamente e legalmente fattibile, inviando una notifica agli Utenti attraverso uno degli estremi di contatto di cui \u00e8 in possesso il Titolare. Si prega dunque di consultare regolarmente questa pagina, facendo riferimento alla data di ultima modifica indicata in fondo. Qualora le modifiche interessino trattamenti la cui base giuridica \u00e8 il consenso, il Titolare provveder\u00e0 a raccogliere nuovamente il consenso dell&#8217;Utente, se necessario.<\/p>\n<h5>Definizioni e riferimenti legali<\/h5>\n<ul>\n<li>Dati Personali (o Dati): costituisce dato personale qualunque informazione che, direttamente o indirettamente, anche in collegamento con qualsiasi altra informazione, ivi compreso un numero di identificazione personale, renda identificata o identificabile una persona fisica.<\/li>\n<li>Dati di Utilizzo: sono le informazioni raccolte automaticamente attraverso questo Sito, tra cui: gli indirizzi IP o i nomi a dominio dei computer utilizzati dall&#8217;Utente che si connette con questo Sito, gli indirizzi in notazione URI (Uniform Resource Identifier), l&#8217;orario della richiesta, il metodo utilizzato nell&#8217;inoltrare la richiesta al server, la dimensione del file ottenuto in risposta, il codice numerico indicante lo stato della risposta dal server (buon fine, errore, ecc.) il paese di provenienza, le caratteristiche del browser e del sistema operativo utilizzati dal visitatore, le varie connotazioni temporali della visita (ad esempio il tempo di permanenza su ciascuna pagina) e i dettagli relativi all&#8217;itinerario seguito all&#8217;interno del Sito, con particolare riferimento alla sequenza delle pagine consultate, ai parametri relativi al sistema operativo e all&#8217;ambiente informatico dell&#8217;Utente.<\/li>\n<li>Utente: l&#8217;individuo che utilizza questo Sito che, salvo ove diversamente specificato, coincide con l&#8217;Interessato.<\/li>\n<li>Interessato: la persona fisica cui si riferiscono i Dati Personali.<\/li>\n<li>Responsabile del Trattamento (o Responsabile): la persona fisica, giuridica, la pubblica amministrazione e qualsiasi altro ente che tratta dati personali per conto del Titolare, secondo quanto esposto nella presente privacy policy.<\/li>\n<li>Titolare del Trattamento (o Titolare): la persona fisica o giuridica, l&#8217;autorit\u00e0 pubblica, il servizio o altro organismo che, singolarmente o insieme ad altri, determina le finalit\u00e0 e i mezzi del trattamento di dati personali e gli strumenti adottati, ivi comprese le misure di sicurezza relative al funzionamento ed alla fruizione di questo Sito. Il Titolare del Trattamento, salvo quanto diversamente specificato, \u00e8 il titolare di questo Sito.<\/li>\n<li>Responsabile della Protezione dei Dati o RPD: soggetto nominato dal titolare nel rispetto della normativa vigente che ha il compito, per quanto qui interessa, di fungere da punto di contatto con gli utenti e sorvegliare l&#8217;osservanza del regolamento comunitario e delle altre norme vigenti in materia di protezione dei dati personali.<\/li>\n<li>Questo Sito: lo strumento hardware o software mediante il quale sono raccolti e trattati i Dati Personali degli Utenti.<\/li>\n<li>Servizio: il Servizio fornito da questo Sito cos\u00ec come definito nei relativi termini (se presenti) su questo sito.<\/li>\n<li>Unione Europea (o UE): salvo ove diversamente specificato, ogni riferimento all&#8217;Unione Europea contenuto in questo documento si intende esteso a tutti gli attuali stati membri dell&#8217;Unione Europea e dello Spazio Economico Europeo.<\/li>\n<li>Cookie: piccola porzione di dati conservata all&#8217;interno del dispositivo dell&#8217;Utente.<\/li>\n<li>Riferimenti legali: la presente informativa privacy \u00e8 redatta sulla base di molteplici ordinamenti legislativi, inclusi gli artt. 13 e 14 del Regolamento (UE) 2016\/679. Ove non diversamente specificato, questa informativa privacy riguarda esclusivamente questo Sito.<\/li>\n<\/ul>\n<h5 style=\"color: #000000;\">Cookie Policy<\/h5>\n<p>Non viene fatto uso di cookies per la trasmissione di informazioni di carattere personale. I Cookies o marcatori sono pacchetti di informazioni inviate da un web server (es. il sito) al browser Internet dell&#8217;utente, da quest&#8217;ultimo memorizzati automaticamente sul computer e rinviati automaticamente al server ad ogni successivo accesso al sito. L&#8217;uso di c.d. cookies di sessione (che non vengono memorizzati in modo persistente sul computer dell&#8217;utente e svaniscono con la chiusura del browser) \u00e8 strettamente limitato alla trasmissione di identificativi di sessione necessari per consentire l&#8217;esplorazione sicura ed efficiente del sito. I cookies di sessione utilizzati in questo sito evitano il ricorso ad altre tecniche informatiche potenzialmente pregiudizievoli per la riservatezza della navigazione degli utenti e non consentono l&#8217;acquisizione di dati personali identificativi dell&#8217;utente. In questo sito vengono, altres\u00ec, impiegati cookies persistenti, ossia cookies che rimangono memorizzati sul disco rigido del computer fino alla loro scadenza o cancellazione da parte degli utenti\/visitatori. La cancellazione dei cookies non preclude l&#8217;utilizzo dei siti e\/o applicazioni sopra indicate. Tramite i cookies persistenti gli utenti\/visitatori che accedono al sito (o eventuali altri utenti che impiegano il medesimo computer) vengono automaticamente riconosciuti ad ogni visita. Gli utenti\/visitatori possono impostare il browser del computer in modo tale che accetti\/rifiuti tutti i cookies o visualizzi un avviso ogni qual volta viene proposto un cookie, per poter valutare se accettarlo o meno. Per default quasi tutti i browser web sono impostati per accettare automaticamente i cookie. Puoi comunque modificare la configurazione predefinita e disabilitare i cookie (cio\u00e8 bloccarli in via definitiva), impostando, nell&#8217;apposita scheda (&#8220;Privacy&#8221;), il livello di protezione pi\u00f9 elevato, ma Ti informiamo che la disabilitazione compromette l&#8217;utilizzo del Servizio. In ogni caso, hai anche la possibilit\u00e0 di cancellare (o eliminare) i cookie dal Tuo personal computer. La cancellazione dei cookie non preclude l&#8217;utilizzo del Servizio. Se vuoi decidere di volta in volta se accettare o meno i cookie, puoi anche configurare il Tuo browser affinch\u00e8 generi un avviso ogni volta che viene salvato un cookie.<\/p>\n<h5>Abilitazione\/<b>Disabilitazione di Cookie tramite il Browser<\/b><\/h5>\n<p>La maggior parte dei browser (Internet Explorer, Firefox, Chrome, ecc.) sono configurati per accettare i cookie. I cookies memorizzati sul disco fisso del dispositivo dell\u2019Utente possono comunque essere cancellati ed \u00e8 inoltre possibile disabilitare i cookie seguendo le indicazioni fornite dai principali browser, ai link seguenti:\u00a0<a href=\"https:\/\/support.google.com\/chrome\/answer\/95647?hl=it\">Chrome<\/a> <a href=\"https:\/\/support.mozilla.org\/it\/kb\/Eliminare%20i%20cookie\">Firefox<\/a> <a href=\"https:\/\/windows.microsoft.com\/it-it\/internet-explorer\/delete-manage-cookies#ie=ie-10\">Internet Explorer<\/a> <a href=\"https:\/\/www.opera.com\/help\/tutorials\/security\/privacy\/\">Opera<\/a> <a href=\"https:\/\/support.apple.com\/it-it\/guide\/safari\/sfri11471\/mac\">Safari<\/a><\/p>\n<h5 style=\"color: #000000;\">Release 02 Gennaio 2020<\/h5>\n<\/div>\n<p>[\/vc_column_text][\/vc_column][\/vc_row][vc_row][vc_column][vc_empty_space][\/vc_column][\/vc_row]<\/p>\n<\/section>","protected":false},"excerpt":{"rendered":"<p>[vc_row][vc_column][vc_column_text] Privacy &amp; Cookie Policy Privacy Policy Questo sito raccoglie alcuni Dati Personali dei propri Utenti. Titolare del Trattamento dei Dati Holding Ferrara Servizi SPA Unipersonale &#8211; Via Borso n.1 &#8211; Ferrara La Societ\u00e0 ha nominato un Responsabile della protezione dei dati (DPO) al quale \u00e8 possibile rivolgersi, per tutto ci\u00f2 che riguarda il trattamento [&hellip;]<\/p>\n","protected":false},"author":7,"featured_media":0,"parent":0,"menu_order":0,"comment_status":"closed","ping_status":"closed","template":"","meta":{"footnotes":""},"class_list":["post-842","page","type-page","status-publish","hentry"],"_links":{"self":[{"href":"https:\/\/www.holdingferrara.it\/index.php?rest_route=\/wp\/v2\/pages\/842","targetHints":{"allow":["GET"]}}],"collection":[{"href":"https:\/\/www.holdingferrara.it\/index.php?rest_route=\/wp\/v2\/pages"}],"about":[{"href":"https:\/\/www.holdingferrara.it\/index.php?rest_route=\/wp\/v2\/types\/page"}],"author":[{"embeddable":true,"href":"https:\/\/www.holdingferrara.it\/index.php?rest_route=\/wp\/v2\/users\/7"}],"replies":[{"embeddable":true,"href":"https:\/\/www.holdingferrara.it\/index.php?rest_route=%2Fwp%2Fv2%2Fcomments&post=842"}],"version-history":[{"count":16,"href":"https:\/\/www.holdingferrara.it\/index.php?rest_route=\/wp\/v2\/pages\/842\/revisions"}],"predecessor-version":[{"id":2882,"href":"https:\/\/www.holdingferrara.it\/index.php?rest_route=\/wp\/v2\/pages\/842\/revisions\/2882"}],"wp:attachment":[{"href":"https:\/\/www.holdingferrara.it\/index.php?rest_route=%2Fwp%2Fv2%2Fmedia&parent=842"}],"curies":[{"name":"wp","href":"https:\/\/api.w.org\/{rel}","templated":true}]}}